{"id":9,"date":"2016-09-28T12:02:16","date_gmt":"2016-09-28T10:02:16","guid":{"rendered":"http:\/\/congespan.com\/?page_id=9"},"modified":"2016-10-20T12:33:22","modified_gmt":"2016-10-20T10:33:22","slug":"servicios","status":"publish","type":"page","link":"http:\/\/congespan.com\/es\/servicios\/","title":{"rendered":"SERVICIOS"},"content":{"rendered":"<p>[vc_row][vc_column][vc_column_text]<\/p>\n<h3 style=\"color: #fff; background: rgba(0, 0, 0, 0) linear-gradient(45deg, #ae946a 0%, #ad751b 100%) repeat scroll 0 0 !important; padding: 4px 10px;\"><i class=\"fa icon-right-open-big\"><\/i> Servicios<\/h3>\n<p>[\/vc_column_text][vc_row_inner][vc_column_inner width=\u00bb1\/4&#8243;][vc_single_image image=\u00bb170&#8243; img_size=\u00bbfull\u00bb][\/vc_column_inner][vc_column_inner width=\u00bb3\/4&#8243;][vc_empty_space height=\u00bb22px\u00bb][vc_column_text]Con casi 20 a\u00f1os dedicados a dar una distribuci\u00f3n de calidad, Congespan continua con la misma motivaci\u00f3n del primer d\u00eda.<\/p>\n<p>La fidelidad del nuestro cliente nos anima a seguir esforz\u00e1ndonos en mantener y mejorar nuestro servicio y en buscar los mejores productos y novedades en un mercado de constantes innovaciones.<\/p>\n<p>Contamos con un gran equipo para poder orientar y asesorar a nuestros clientes, con un servicio \u00e1gil y personalizado.<\/p>\n<p>La satisfacci\u00f3n del nuestro cliente es la nuestra satisfacci\u00f3n.[\/vc_column_text][\/vc_column_inner][\/vc_row_inner][vc_row_inner][vc_column_inner width=\u00bb1\/4&#8243;][vc_single_image image=\u00bb167&#8243; img_size=\u00bbfull\u00bb image_hovers=\u00bbfalse\u00bb][\/vc_column_inner][vc_column_inner width=\u00bb1\/4&#8243;][vc_single_image image=\u00bb165&#8243; img_size=\u00bbfull\u00bb image_hovers=\u00bbfalse\u00bb][\/vc_column_inner][vc_column_inner width=\u00bb1\/4&#8243;][vc_single_image image=\u00bb163&#8243; img_size=\u00bbfull\u00bb image_hovers=\u00bbfalse\u00bb][\/vc_column_inner][vc_column_inner width=\u00bb1\/4&#8243;][vc_single_image image=\u00bb161&#8243; img_size=\u00bbfull\u00bb image_hovers=\u00bbfalse\u00bb][\/vc_column_inner][\/vc_row_inner][\/vc_column][\/vc_row]<\/p>\n","protected":false},"excerpt":{"rendered":"<p>[vc_row][vc_column][vc_column_text] Servicios [\/vc_column_text][vc_row_inner][vc_column_inner width=\u00bb1\/4&#8243;][vc_single_image image=\u00bb170&#8243; img_size=\u00bbfull\u00bb][\/vc_column_inner][vc_column_inner width=\u00bb3\/4&#8243;][vc_empty_space height=\u00bb22px\u00bb][vc_column_text]Con casi 20 a\u00f1os dedicados a dar una distribuci\u00f3n de calidad, Congespan continua con la misma motivaci\u00f3n del primer d\u00eda. La fidelidad del nuestro cliente nos anima a seguir esforz\u00e1ndonos en mantener y mejorar nuestro servicio y en buscar los mejores productos y novedades en un mercado de&hellip;<\/p>\n","protected":false},"author":1,"featured_media":0,"parent":0,"menu_order":0,"comment_status":"closed","ping_status":"closed","template":"","meta":[],"_links":{"self":[{"href":"http:\/\/congespan.com\/es\/wp-json\/wp\/v2\/pages\/9"}],"collection":[{"href":"http:\/\/congespan.com\/es\/wp-json\/wp\/v2\/pages"}],"about":[{"href":"http:\/\/congespan.com\/es\/wp-json\/wp\/v2\/types\/page"}],"author":[{"embeddable":true,"href":"http:\/\/congespan.com\/es\/wp-json\/wp\/v2\/users\/1"}],"replies":[{"embeddable":true,"href":"http:\/\/congespan.com\/es\/wp-json\/wp\/v2\/comments?post=9"}],"version-history":[{"count":9,"href":"http:\/\/congespan.com\/es\/wp-json\/wp\/v2\/pages\/9\/revisions"}],"predecessor-version":[{"id":176,"href":"http:\/\/congespan.com\/es\/wp-json\/wp\/v2\/pages\/9\/revisions\/176"}],"wp:attachment":[{"href":"http:\/\/congespan.com\/es\/wp-json\/wp\/v2\/media?parent=9"}],"curies":[{"name":"wp","href":"https:\/\/api.w.org\/{rel}","templated":true}]}}