{"id":329,"date":"2016-10-25T13:36:27","date_gmt":"2016-10-25T11:36:27","guid":{"rendered":"http:\/\/congespan.com\/es\/peix-i-marisc\/"},"modified":"2016-11-09T19:29:01","modified_gmt":"2016-11-09T17:29:01","slug":"peix-i-marisc","status":"publish","type":"page","link":"http:\/\/congespan.com\/es\/peix-i-marisc\/","title":{"rendered":"PESCADO Y MARISCO"},"content":{"rendered":"<p>[vc_row][vc_column][vc_column_text]<\/p>\n<h3 style=\"color: #fff; background: rgba(0, 0, 0, 0) linear-gradient(45deg, #ae946a 0%, #ad751b 100%) repeat scroll 0 0 !important; padding: 4px 10px;\">PESCADO Y MARISCO:<\/h3>\n<p>[\/vc_column_text][vc_row_inner][vc_column_inner width=\u00bb1\/4&#8243;][vc_single_image image=\u00bb186&#8243; img_size=\u00bbfull\u00bb el_class=\u00bbimagencita\u00bb][\/vc_column_inner][vc_column_inner width=\u00bb3\/4&#8243; css=\u00bb.vc_custom_1477391565988{border-top-width: 1px !important;border-right-width: 1px !important;border-bottom-width: 1px !important;border-left-width: 1px !important;padding-top: 20px !important;padding-right: 20px !important;padding-bottom: 20px !important;padding-left: 20px !important;border-left-color: #6d6d6d !important;border-left-style: solid !important;border-right-color: #6d6d6d !important;border-right-style: solid !important;border-top-color: #6d6d6d !important;border-top-style: solid !important;border-bottom-color: #6d6d6d !important;border-bottom-style: solid !important;}\u00bb][vc_column_text]Diferentes tipos de pescado y marisco para una alimentaci\u00f3n saludable.<\/p>\n<p>Los productos de la mar congelados se han convertido en los \u00faltimos a\u00f1os en una alternativa s\u00f3lida al producto fresco. Sea donde sea, los barcos lo capturan con las artes mas adecuadas para cada especie y se selecciona y congela en alta mar para garantizar el resultado final, ofreciendo unas caracter\u00edsticas mas seguras y estables que juntamente con su presentaci\u00f3n los hace cada vez mas f\u00e1ciles de preparar y consumir.[\/vc_column_text]<div id=\"ult-carousel-157475047969e91bbc45d76\" class=\"ult-carousel-wrapper   ult_horizontal\" data-gutter=\"15\" data-rtl=\"false\" ><div class=\"ult-carousel-10484439369e91bbc459f0 \" >[vc_single_image image=\u00bb502&#8243; img_size=\u00bbfull\u00bb onclick=\u00bblink_image\u00bb][vc_single_image image=\u00bb505&#8243; img_size=\u00bbfull\u00bb onclick=\u00bblink_image\u00bb][vc_single_image image=\u00bb509&#8243; img_size=\u00bbfull\u00bb onclick=\u00bblink_image\u00bb][vc_single_image image=\u00bb507&#8243; img_size=\u00bbfull\u00bb onclick=\u00bblink_image\u00bb]<\/div><\/div>            <script type=\"text\/javascript\">\r\n\t\t\t\tjQuery(document).ready(function($){\r\n               \t\t$('.ult-carousel-10484439369e91bbc459f0').slick({dots: true,autoplay: true,autoplaySpeed: 5000,speed: 300,infinite: true,arrows: true,nextArrow: '<button type=\"button\" style=\"color:#333333; font-size:20px;\" class=\"slick-next default\"><i class=\"ultsl-arrow-right4\"><\/i><\/button>',prevArrow: '<button type=\"button\" style=\"color:#333333; font-size:20px;\" class=\"slick-prev default\"><i class=\"ultsl-arrow-left4\"><\/i><\/button>',slidesToScroll:3,slidesToShow:3,swipe: true,draggable: true,touchMove: true,responsive: [\r\n\t\t\t\t\t\t\t{\r\n\t\t\t\t\t\t\t  breakpoint: 1025,\r\n\t\t\t\t\t\t\t  settings: {\r\n\t\t\t\t\t\t\t\tslidesToShow: 3,\r\n\t\t\t\t\t\t\t\tslidesToScroll: 3,  \r\n\t\t\t\t\t\t\t  }\r\n\t\t\t\t\t\t\t},\r\n\t\t\t\t\t\t\t{\r\n\t\t\t\t\t\t\t  breakpoint: 769,\r\n\t\t\t\t\t\t\t  settings: {\r\n\t\t\t\t\t\t\t\tslidesToShow: 2,\r\n\t\t\t\t\t\t\t\tslidesToScroll: 2\r\n\t\t\t\t\t\t\t  }\r\n\t\t\t\t\t\t\t},\r\n\t\t\t\t\t\t\t{\r\n\t\t\t\t\t\t\t  breakpoint: 481,\r\n\t\t\t\t\t\t\t  settings: {\r\n\t\t\t\t\t\t\t\tslidesToShow: 2,\r\n\t\t\t\t\t\t\t\tslidesToScroll: 2\r\n\t\t\t\t\t\t\t  }\r\n\t\t\t\t\t\t\t}\r\n\t\t\t\t\t\t],pauseOnHover: true,\r\n\t\t\t\t\t\tpauseOnDotsHover: true,customPaging: function(slider, i) {\r\n                   return '<i type=\"button\" style=\"color:#333333;\" class=\"ultsl-radio-checked\" data-role=\"none\"><\/i>';\r\n                },});\r\n\t\t\t\t});\r\n\t\t\t<\/script>\r\n            [\/vc_column_inner][\/vc_row_inner][\/vc_column][\/vc_row]<\/p>\n","protected":false},"excerpt":{"rendered":"<p>[vc_row][vc_column][vc_column_text] PESCADO Y MARISCO: [\/vc_column_text][vc_row_inner][vc_column_inner width=\u00bb1\/4&#8243;][vc_single_image image=\u00bb186&#8243; img_size=\u00bbfull\u00bb el_class=\u00bbimagencita\u00bb][\/vc_column_inner][vc_column_inner width=\u00bb3\/4&#8243; css=\u00bb.vc_custom_1477391565988{border-top-width: 1px !important;border-right-width: 1px !important;border-bottom-width: 1px !important;border-left-width: 1px !important;padding-top: 20px !important;padding-right: 20px !important;padding-bottom: 20px !important;padding-left: 20px !important;border-left-color: #6d6d6d !important;border-left-style: solid !important;border-right-color: #6d6d6d !important;border-right-style: solid !important;border-top-color: #6d6d6d !important;border-top-style: solid !important;border-bottom-color: #6d6d6d !important;border-bottom-style: solid !important;}\u00bb][vc_column_text]Diferentes tipos de pescado y marisco para una alimentaci\u00f3n saludable. Los productos de&hellip;<\/p>\n","protected":false},"author":1,"featured_media":0,"parent":0,"menu_order":0,"comment_status":"closed","ping_status":"closed","template":"","meta":[],"_links":{"self":[{"href":"http:\/\/congespan.com\/es\/wp-json\/wp\/v2\/pages\/329"}],"collection":[{"href":"http:\/\/congespan.com\/es\/wp-json\/wp\/v2\/pages"}],"about":[{"href":"http:\/\/congespan.com\/es\/wp-json\/wp\/v2\/types\/page"}],"author":[{"embeddable":true,"href":"http:\/\/congespan.com\/es\/wp-json\/wp\/v2\/users\/1"}],"replies":[{"embeddable":true,"href":"http:\/\/congespan.com\/es\/wp-json\/wp\/v2\/comments?post=329"}],"version-history":[{"count":3,"href":"http:\/\/congespan.com\/es\/wp-json\/wp\/v2\/pages\/329\/revisions"}],"predecessor-version":[{"id":590,"href":"http:\/\/congespan.com\/es\/wp-json\/wp\/v2\/pages\/329\/revisions\/590"}],"wp:attachment":[{"href":"http:\/\/congespan.com\/es\/wp-json\/wp\/v2\/media?parent=329"}],"curies":[{"name":"wp","href":"https:\/\/api.w.org\/{rel}","templated":true}]}}