{"id":13,"date":"2016-09-28T12:03:26","date_gmt":"2016-09-28T10:03:26","guid":{"rendered":"http:\/\/congespan.com\/?page_id=13"},"modified":"2017-06-14T12:00:31","modified_gmt":"2017-06-14T10:00:31","slug":"noticias","status":"publish","type":"page","link":"http:\/\/congespan.com\/es\/noticias\/","title":{"rendered":"NOTICIAS"},"content":{"rendered":"<p>[vc_row][vc_column][vc_column_text]<\/p>\n<h3 style=\"color: #fff; background: rgba(0, 0, 0, 0) linear-gradient(45deg, #ae946a 0%, #ad751b 100%) repeat scroll 0 0 !important; padding: 4px 10px;\"><i class=\"fa icon-right-open-big\"><\/i> Noticias<\/h3>\n<p>[\/vc_column_text]<div class=\"dt-shortcode with-isotope\"><div class=\"wf-container dt-blog-shortcode loading-effect-none iso-grid description-under-image content-align-left\" data-padding=\"20px\" data-cur-page=\"1\" data-posts-per-page=\"-1\" data-width=\"370px\" data-columns=\"3\">\n<div class=\"wf-cell\" data-post-id=\"727\" data-date=\"2018-06-02T08:56:48+02:00\" data-name=\"NOVEDAD: GAMA VEGANA\">\n<article class=\"post post-727 type-post status-publish format-standard hentry category-sin-categorizar no-img description-off\">\n\n\t<div class=\"blog-content wf-td\">\n\n\t\t<h3 class=\"entry-title\">\n\t\t<a href=\"http:\/\/congespan.com\/es\/novedad-gama-vegana\/\" title=\"NOVEDAD: GAMA VEGANA\" rel=\"bookmark\">NOVEDAD: GAMA VEGANA<\/a>\n\t<\/h3>\n\n\t<p><img loading=\"lazy\" class=\"aligncenter size-full wp-image-723\" src=\"http:\/\/congespan.com\/wp-content\/uploads\/2018\/06\/VEGANO-SIMBOL.jpg\" alt=\"\" width=\"309\" height=\"294\" srcset=\"http:\/\/congespan.com\/wp-content\/uploads\/2018\/06\/VEGANO-SIMBOL.jpg 309w, http:\/\/congespan.com\/wp-content\/uploads\/2018\/06\/VEGANO-SIMBOL-300x285.jpg 300w\" sizes=\"(max-width: 309px) 100vw, 309px\" \/><img loading=\"lazy\" class=\"aligncenter size-full wp-image-722\" src=\"http:\/\/congespan.com\/wp-content\/uploads\/2018\/06\/CORNETTO-VEGAN-VUOTO-.jpg\" alt=\"\" width=\"446\" height=\"405\" srcset=\"http:\/\/congespan.com\/wp-content\/uploads\/2018\/06\/CORNETTO-VEGAN-VUOTO-.jpg 446w, http:\/\/congespan.com\/wp-content\/uploads\/2018\/06\/CORNETTO-VEGAN-VUOTO--300x272.jpg 300w\" sizes=\"(max-width: 446px) 100vw, 446px\" \/><img loading=\"lazy\" class=\"aligncenter size-full wp-image-721\" src=\"http:\/\/congespan.com\/wp-content\/uploads\/2018\/06\/CORNETTO-VEGAN-CEREALI-.jpg\" alt=\"\" width=\"446\" height=\"405\" srcset=\"http:\/\/congespan.com\/wp-content\/uploads\/2018\/06\/CORNETTO-VEGAN-CEREALI-.jpg 446w, http:\/\/congespan.com\/wp-content\/uploads\/2018\/06\/CORNETTO-VEGAN-CEREALI--300x272.jpg 300w\" sizes=\"(max-width: 446px) 100vw, 446px\" \/><img loading=\"lazy\" class=\"aligncenter size-full wp-image-720\" src=\"http:\/\/congespan.com\/wp-content\/uploads\/2018\/06\/CORNETTO-VEGAN-AL-CARBONE.jpg\" alt=\"\" width=\"446\" height=\"405\" srcset=\"http:\/\/congespan.com\/wp-content\/uploads\/2018\/06\/CORNETTO-VEGAN-AL-CARBONE.jpg 446w, http:\/\/congespan.com\/wp-content\/uploads\/2018\/06\/CORNETTO-VEGAN-AL-CARBONE-300x272.jpg 300w\" sizes=\"(max-width: 446px) 100vw, 446px\" \/><\/p>\n\n\t\n\t<div class=\"entry-meta\"><a href=\"http:\/\/congespan.com\/es\/2018\/06\/02\/\" title=\"8:56 am\" class=\"data-link\" rel=\"bookmark\"><time class=\"entry-date updated\" datetime=\"2018-06-02T08:56:48+02:00\">02\/06\/2018<\/time><\/a><\/div>\n\t\n<\/div>\n<\/article><!-- #post-727 -->\n\n<\/div>\n<div class=\"wf-cell\" data-post-id=\"681\" data-date=\"2017-06-14T12:48:23+02:00\" data-name=\"Green Awards premia el desarrollo de un pl\u00e1stico a partir de residuos de pan\">\n<article class=\"post post-681 type-post status-publish format-standard hentry category-sin-categorizar no-img description-off\">\n\n\t<div class=\"blog-content wf-td\">\n\n\t\t<h3 class=\"entry-title\">\n\t\t<a href=\"http:\/\/congespan.com\/es\/green-awards-premia-el-desarrollo-de-un-plastico-a-partir-de-residuos-de-pan\/\" title=\"Green Awards premia el desarrollo de un pl\u00e1stico a partir de residuos de pan\" rel=\"bookmark\">Green Awards premia el desarrollo de un pl\u00e1stico a partir de residuos de pan<\/a>\n\t<\/h3>\n\n\t<p>El proyecto Life Bread4Pla desarrollado por el Centro Tecnol\u00f3gico de Cereales CETECE de Palencia, para fabricar nuevos envases de panader\u00eda y boller\u00eda a partir de residuos de pan, ha logrado el segundo premio de los Green Awards en los que compet\u00edan los quince mejores proyectos LIFE de los \u00faltimos 25 a\u00f1os. Bread4Pla, acr\u00f3nimo de \u201cPan&hellip;<\/p>\n\n\t\n\t<div class=\"entry-meta\"><a href=\"http:\/\/congespan.com\/es\/2017\/06\/14\/\" title=\"12:48 pm\" class=\"data-link\" rel=\"bookmark\"><time class=\"entry-date updated\" datetime=\"2017-06-14T12:48:23+02:00\">14\/06\/2017<\/time><\/a><\/div>\n\t\n<\/div>\n<\/article><!-- #post-681 -->\n\n<\/div>\n<div class=\"wf-cell\" data-post-id=\"76\" data-date=\"2017-06-14T12:28:27+02:00\" data-name=\"\u00bfPAN INTEGRAL O PAN BLANCO?\">\n<article class=\"post post-76 type-post status-publish format-standard hentry category-sin-categorizar no-img description-off\">\n\n\t<div class=\"blog-content wf-td\">\n\n\t\t<h3 class=\"entry-title\">\n\t\t<a href=\"http:\/\/congespan.com\/es\/noticia-de-ejemplo-3\/\" title=\"\u00bfPAN INTEGRAL O PAN BLANCO?\" rel=\"bookmark\">\u00bfPAN INTEGRAL O PAN BLANCO?<\/a>\n\t<\/h3>\n\n\t<p>El pan integral no es m\u00e1s &#8216;saludable&#8217; que el blanco Un estudio analiza distintos par\u00e1metros m\u00e9dicos frente a ambos productos No existen diferencias cl\u00ednicamente significativas entre el pan blanco y el integral Apuntan a que los mismos alimentos tienen distintos efectos seg\u00fan las personas 07.06.2017 | actualizaci\u00f3n 12h46 AGENCIA SINC El pan forma parte de&hellip;<\/p>\n\n\t\n\t<div class=\"entry-meta\"><a href=\"http:\/\/congespan.com\/es\/2017\/06\/14\/\" title=\"12:28 pm\" class=\"data-link\" rel=\"bookmark\"><time class=\"entry-date updated\" datetime=\"2017-06-14T12:28:27+02:00\">14\/06\/2017<\/time><\/a><\/div>\n\t\n<\/div>\n<\/article><!-- #post-76 -->\n\n<\/div>\n<div class=\"wf-cell\" data-post-id=\"73\" data-date=\"2016-10-17T12:27:06+02:00\" data-name=\"Informe masas congeladas\">\n<article class=\"post post-73 type-post status-publish format-standard has-post-thumbnail hentry category-sin-categorizar description-off\">\n\n\t<div class=\"blog-media wf-td\"><p><a href=\"http:\/\/congespan.com\/es\/noticia-de-ejemplo-2\/\" class=\"alignnone rollover layzr-bg\" ><img class=\"iso-lazy-load preload-me\" src=\"data:image\/svg+xml;charset=utf-8,%3Csvg xmlns%3D'http%3A%2F%2Fwww.w3.org%2F2000%2Fsvg' viewBox%3D'0 0 555 416'%2F%3E\" data-src=\"http:\/\/congespan.com\/wp-content\/uploads\/2016\/10\/n2-555x416.jpg\" data-srcset=\"http:\/\/congespan.com\/wp-content\/uploads\/2016\/10\/n2-555x416.jpg 555w, http:\/\/congespan.com\/wp-content\/uploads\/2016\/10\/n2-1110x832.jpg 1110w\" alt=\"\" title=\"n2\" width=\"555\" height=\"416\"  \/><\/a><\/p><\/div><div class=\"blog-content wf-td\">\n\n\t\t<h3 class=\"entry-title\">\n\t\t<a href=\"http:\/\/congespan.com\/es\/noticia-de-ejemplo-2\/\" title=\"Informe masas congeladas\" rel=\"bookmark\">Informe masas congeladas<\/a>\n\t<\/h3>\n\n\t<p>Desde la industria de masas congeladas, la incipiente consolidaci\u00f3n de esta remontada en foodservice se contempla con una mezcla de optimismo y ambici\u00f3n comercial, sabedores de que sus ventas tienen actualmente un mayor potencial de crecimiento en este canal que en cualquier otro. En la mayor parte de los casos, la industria afronta este contexto&hellip;<\/p>\n\n\t\n\t<div class=\"entry-meta\"><a href=\"http:\/\/congespan.com\/es\/2016\/10\/17\/\" title=\"12:27 pm\" class=\"data-link\" rel=\"bookmark\"><time class=\"entry-date updated\" datetime=\"2016-10-17T12:27:06+02:00\">17\/10\/2016<\/time><\/a><\/div>\n\t\n<\/div>\n<\/article><!-- #post-73 -->\n\n<\/div>\n<div class=\"wf-cell\" data-post-id=\"64\" data-date=\"2016-10-17T12:25:50+02:00\" data-name=\"En buenas manos\">\n<article class=\"post post-64 type-post status-publish format-standard has-post-thumbnail hentry category-sin-categorizar description-off\">\n\n\t<div class=\"blog-media wf-td\"><p><a href=\"http:\/\/congespan.com\/es\/noticia-de-ejemplo-1\/\" class=\"alignnone rollover layzr-bg\" ><img class=\"iso-lazy-load preload-me\" src=\"data:image\/svg+xml;charset=utf-8,%3Csvg xmlns%3D'http%3A%2F%2Fwww.w3.org%2F2000%2Fsvg' viewBox%3D'0 0 555 416'%2F%3E\" data-src=\"http:\/\/congespan.com\/wp-content\/uploads\/2016\/10\/n1-555x416.jpg\" data-srcset=\"http:\/\/congespan.com\/wp-content\/uploads\/2016\/10\/n1-555x416.jpg 555w, http:\/\/congespan.com\/wp-content\/uploads\/2016\/10\/n1-1110x832.jpg 1110w\" alt=\"\" title=\"n1\" width=\"555\" height=\"416\"  \/><\/a><\/p><\/div><div class=\"blog-content wf-td\">\n\n\t\t<h3 class=\"entry-title\">\n\t\t<a href=\"http:\/\/congespan.com\/es\/noticia-de-ejemplo-1\/\" title=\"En buenas manos\" rel=\"bookmark\">En buenas manos<\/a>\n\t<\/h3>\n\n\t<p>En buenas manos Autor: Bar Business Los nuevos h\u00e1bitos de consumo, especialmente en las grandes ciudades, han obligado a las empresas del sector de la alimentaci\u00f3n a reinventarse, adaptarse a los nuevos tiempos e innovar con nuevos productos, formatos y sabores, con el fin de saciar las necesidades de una sociedad en constante cambio. Estos&hellip;<\/p>\n\n\t\n\t<div class=\"entry-meta\"><a href=\"http:\/\/congespan.com\/es\/2016\/10\/17\/\" title=\"12:25 pm\" class=\"data-link\" rel=\"bookmark\"><time class=\"entry-date updated\" datetime=\"2016-10-17T12:25:50+02:00\">17\/10\/2016<\/time><\/a><\/div>\n\t\n<\/div>\n<\/article><!-- #post-64 -->\n\n<\/div><\/div><\/div>[\/vc_column][\/vc_row]<\/p>\n","protected":false},"excerpt":{"rendered":"<p>[vc_row][vc_column][vc_column_text] Noticias [\/vc_column_text][\/vc_column][\/vc_row]<\/p>\n","protected":false},"author":1,"featured_media":0,"parent":0,"menu_order":0,"comment_status":"closed","ping_status":"closed","template":"","meta":[],"_links":{"self":[{"href":"http:\/\/congespan.com\/es\/wp-json\/wp\/v2\/pages\/13"}],"collection":[{"href":"http:\/\/congespan.com\/es\/wp-json\/wp\/v2\/pages"}],"about":[{"href":"http:\/\/congespan.com\/es\/wp-json\/wp\/v2\/types\/page"}],"author":[{"embeddable":true,"href":"http:\/\/congespan.com\/es\/wp-json\/wp\/v2\/users\/1"}],"replies":[{"embeddable":true,"href":"http:\/\/congespan.com\/es\/wp-json\/wp\/v2\/comments?post=13"}],"version-history":[{"count":13,"href":"http:\/\/congespan.com\/es\/wp-json\/wp\/v2\/pages\/13\/revisions"}],"predecessor-version":[{"id":676,"href":"http:\/\/congespan.com\/es\/wp-json\/wp\/v2\/pages\/13\/revisions\/676"}],"wp:attachment":[{"href":"http:\/\/congespan.com\/es\/wp-json\/wp\/v2\/media?parent=13"}],"curies":[{"name":"wp","href":"https:\/\/api.w.org\/{rel}","templated":true}]}}